{"id":108,"date":"2022-05-08T18:21:14","date_gmt":"2022-05-08T18:21:14","guid":{"rendered":"http:\/\/www.steminnature.online\/?page_id=108"},"modified":"2022-05-22T13:10:10","modified_gmt":"2022-05-22T13:10:10","slug":"about-the-project-2","status":"publish","type":"page","link":"https:\/\/www.steminnature.online\/lt\/","title":{"rendered":"Apie projekt\u0105"},"content":{"rendered":"<p>Did\u017eiuojam\u0117s gal\u0117dami pasidalinti, kad Plung\u0117s lop\u0161elis-dar\u017eelis \u201eVytur\u0117lis\u201c gavo stipendij\u0105 Erasmus+ KA210-SCH \u2013 Ma\u017eos apimties partneryst\u0117s mokyklinio ugdymo projekte \u201eAtraskime STEM gamtoje\u201c. M\u016bs\u0173 partneriai yra mokyklos i\u0161 Turkijos, Estijos, \u0160iaur\u0117s Makedonijos.<\/p>\n\n\n\n<p>Projekto tikslai yra:<\/p>\n\n\n\n<ul class=\"wp-block-list\"><li>Ugdyti savimi pasitikin\u010dius, gamt\u0105 mylin\u010dius, mokslu besidomin\u010dius, interaktyviai m\u0105stan\u010dius ir geban\u010dius i\u0161reik\u0161ti save mokinius;<\/li><li>Ugdyti mokini\u0173 gamtos rei\u0161kini\u0173 supratim\u0105 naudojant STE(A)M metodo elementus;<\/li><li>Ugdyti mokini\u0173 aplinkosaugin\u012f s\u0105moningum\u0105;<\/li><li>Skatinti gamtosaug\u0105 ir suteikti \u017eini\u0173 apie tvarius ir atsinaujinan\u010dius i\u0161teklius;<\/li><li>Didinti mokini\u0173 motyvacij\u0105 bendrauti ir naudoti \u012fg\u016bd\u017eius, susijusius su mokslu, technologijomis, matematika, in\u017einerija ir menais, taikant eksperimentinius ir tyrimo metodus.<\/li><\/ul>\n\n\n\n<p>Projekto metu (2022-03-01 \u2013 2023-04-30) mokyklos partner\u0117s vykdys \u012fvairias veiklas (angl. STEM of Recycling, STEM of Plants, STEM of Animals, STEM of Water), \u012ftraukdamos mokinius, mokytojus, t\u0117vus ir kitus bendruomen\u0117s narius. . Moksleiviai tyrin\u0117dami, kurdami ir analizuodami rezultatus gal\u0117s priimti sprendimus, pasitik\u0117ti savo j\u0117gomis, ugdyti kritin\u012f m\u0105stym\u0105 ir pa\u017einti mus supant\u012f pasaul\u012f.<\/p>","protected":false},"excerpt":{"rendered":"<p>We are proud to share that Plung\u0117 kindergarten \u201eVytur\u0117lis\u201c received a grant for the Erasmus+ KA210-SCH &#8211; Small-scale partnerships in school education project \u201eDiscovering STEM in Nature\u201c. Our partners are schools from Turkey, Estonia, North Macedonia. The aims of the project are: To raise self-confident, nature loving students who are interested in science, who think&#8230;<\/p>","protected":false},"author":1,"featured_media":0,"parent":0,"menu_order":0,"comment_status":"closed","ping_status":"closed","template":"","meta":{"ngg_post_thumbnail":0,"footnotes":""},"class_list":["post-108","page","type-page","status-publish","hentry"],"aioseo_notices":[],"_links":{"self":[{"href":"https:\/\/www.steminnature.online\/lt\/wp-json\/wp\/v2\/pages\/108","targetHints":{"allow":["GET"]}}],"collection":[{"href":"https:\/\/www.steminnature.online\/lt\/wp-json\/wp\/v2\/pages"}],"about":[{"href":"https:\/\/www.steminnature.online\/lt\/wp-json\/wp\/v2\/types\/page"}],"author":[{"embeddable":true,"href":"https:\/\/www.steminnature.online\/lt\/wp-json\/wp\/v2\/users\/1"}],"replies":[{"embeddable":true,"href":"https:\/\/www.steminnature.online\/lt\/wp-json\/wp\/v2\/comments?post=108"}],"version-history":[{"count":2,"href":"https:\/\/www.steminnature.online\/lt\/wp-json\/wp\/v2\/pages\/108\/revisions"}],"predecessor-version":[{"id":120,"href":"https:\/\/www.steminnature.online\/lt\/wp-json\/wp\/v2\/pages\/108\/revisions\/120"}],"wp:attachment":[{"href":"https:\/\/www.steminnature.online\/lt\/wp-json\/wp\/v2\/media?parent=108"}],"curies":[{"name":"wp","href":"https:\/\/api.w.org\/{rel}","templated":true}]}}